{"id":79,"date":"2018-11-20T15:10:02","date_gmt":"2018-11-20T12:10:02","guid":{"rendered":"http:\/\/nour.azq1.com\/dorrat\/?page_id=79"},"modified":"2022-03-11T21:10:50","modified_gmt":"2022-03-11T18:10:50","slug":"contact-us","status":"publish","type":"page","link":"https:\/\/rbcl.com.sa\/en\/contact-us\/","title":{"rendered":"Contact us"},"content":{"rendered":"<p>We are pleased to contact you<\/p>\n<p><a title=\"bursa escort\" href=\"http:\/\/www.bursaekimtiyatrosu.com\/\">bursa escort<\/a> <a title=\"bursa escort\" href=\"http:\/\/www.bursaemlakrehberi.com\/\">bursa escort<\/a> <a title=\"istanbul escort\" href=\"http:\/\/www.dayistanbul.com\/\">istanbul escort<\/a> <a title=\"denizli escort\" href=\"http:\/\/www.denizliamatem.com\/\">denizli escort<\/a> <a title=\"d\u00fczce escort\" href=\"http:\/\/www.duzcedostlukkulubu.com\/\">d\u00fczce escort<\/a> <a title=\"malatya escort\" href=\"http:\/\/www.emalatyarehber.com\/\">malatya escort<\/a> <a title=\"erzincan escort\" href=\"http:\/\/www.erzincaneskort.com\/\">erzincan escort<\/a> <a title=\"zonguldak escort\" href=\"http:\/\/www.eskisehirciftcim.com\/\">zonguldak escort<\/a> <a title=\"eski\u015fehir escort\" href=\"http:\/\/www.eskisehirguvenik.com\/\">eski\u015fehir escort<\/a> <a title=\"gaziantep escort\" href=\"http:\/\/www.gaziantepligheyeti.com\/\">gaziantep escort<\/a> <a title=\"g\u00fcm\u00fc\u015fhane escort\" href=\"http:\/\/www.gumushaneeskort.com\/\">g\u00fcm\u00fc\u015fhane escort<\/a> <a title=\"hatay escort\" href=\"http:\/\/www.hataylifedergisi.com\/\">hatay escort<\/a> <a title=\"hatay escort\" href=\"http:\/\/www.hatayyemekrehberi.com\/\">hatay escort<\/a> <a title=\"\u0131\u011fd\u0131r escort\" href=\"http:\/\/www.igdir.club\/\">\u0131\u011fd\u0131r escort<\/a> <a title=\"gaziantep escort\" href=\"http:\/\/www.isbulgaziantep.com\/\">gaziantep escort<\/a> <a title=\"istanbul escort\" href=\"http:\/\/www.istanbulimar.com\/\">istanbul escort<\/a> <a title=\"konya escort\" href=\"http:\/\/www.istekonya.com\/\">konya escort<\/a> <a title=\"izmit escort\" href=\"http:\/\/www.izmitfizik.com\/\">izmit escort<\/a> <a title=\"kars escort\" href=\"http:\/\/www.karseskort.xyz\/\">kars escort<\/a> <a title=\"kayseri escort\" href=\"http:\/\/www.kayseriesnafrehberi.com\/\">kayseri escort<\/a> <a title=\"kayseri escort\" href=\"http:\/\/www.kayseriteniskulubu.com\/\">kayseri escort<\/a> <a title=\"k\u0131br\u0131s escort\" href=\"http:\/\/www.kibriseskort.club\/\">k\u0131br\u0131s escort<\/a> <a title=\"kilis escort\" href=\"http:\/\/www.kiliseskort.com\/\">kilis escort<\/a> <a title=\"konya escort\" href=\"http:\/\/www.konyafirmalar.com\/\">konya escort<\/a> <a title=\"konya escort\" href=\"http:\/\/www.konyagkayaking.com\/\">konya escort<\/a> <a title=\"konya escort\" href=\"http:\/\/www.konyarco.com\/\">konya escort<\/a> <a title=\"malatya escort\" href=\"http:\/\/www.malatyadernek.com\/\">malatya escort<\/a> <a title=\"malatya escort\" href=\"http:\/\/www.malatyakartus.com\/\">malatya escort<\/a> <a title=\"malatya escort\" href=\"http:\/\/www.malatyastyla.com\/\">malatya escort<\/a> <a title=\"manisa escort\" href=\"http:\/\/www.manisaadresemlak.com\/\">manisa escort<\/a> <a title=\"gaziantep escort\" href=\"http:\/\/www.yenigaziantepsogutma.com\/\">gaziantep escort<\/a> <a title=\"van escort\" href=\"http:\/\/www.vanrat.com\/\">van escort<\/a> <a title=\"tunceli escort\" href=\"http:\/\/www.tunceli.club\/\">tunceli escort<\/a> <a title=\"bursa escort\" href=\"http:\/\/www.trendbursa.com\/\">bursa escort<\/a> <a title=\"sivas escort\" href=\"http:\/\/www.sivasbulguru.com\/\">sivas escort<\/a> <a title=\"siirt escort\" href=\"http:\/\/www.siirt.club\/\">siirt escort<\/a> <a title=\"\u015fanl\u0131urfa escort\" href=\"http:\/\/www.sanliurfaotokirala.com\/\">\u015fanl\u0131urfa escort<\/a> <a title=\"bilecik escort\" href=\"http:\/\/www.sanliurfakebab.com\/\">bilecik escort<\/a> <a title=\"samsun escort\" href=\"http:\/\/www.samsunescort.net\/\">samsun escort<\/a> <a title=\"\u00e7anakkale escort\" href=\"http:\/\/www.radyocanakkale.com\/\">\u00e7anakkale escort<\/a> <a title=\"adana escort\" href=\"http:\/\/www.escortlariyiz.com\/category\/adana-escort\">adana escort<\/a> <a title=\"istanbul escort\" href=\"http:\/\/www.escortlariyiz.com\/category\/istanbul-escort\">istanbul escort<\/a> <a title=\"izmir escort\" href=\"http:\/\/www.escortlariyiz.com\/category\/izmir-escort\">izmir escort<\/a> <a title=\"ankara escort\" href=\"http:\/\/www.escortlariyiz.com\/category\/ankara-escort\">ankara escort<\/a> <a title=\"bursa escort\" href=\"http:\/\/www.escortlariyiz.com\/category\/bursa-escort\">bursa escort<\/a> <a title=\"antalya escort\" href=\"http:\/\/www.escortlariyiz.com\/category\/antalya-escort\">antalya escort<\/a> <a title=\"konya escort\" href=\"http:\/\/www.escortlariyiz.com\/category\/konya-escort\">konya escort<\/a> <a title=\"\u015fanl\u0131urfa escort\" href=\"http:\/\/www.escortlariyiz.com\/category\/sanliurfa-escort\">\u015fanl\u0131urfa escort<\/a> <a title=\"gaziantep escort\" href=\"http:\/\/www.escortlariyiz.com\/category\/gaziantep-escort\">gaziantep escort<\/a> <a title=\"kocaeli escort\" href=\"http:\/\/www.escortlariyiz.com\/category\/kocaeli-escort\">kocaeli escort<\/a> <a title=\"mersin escort\" href=\"http:\/\/www.escortlariyiz.com\/category\/mersin-escort\">mersin escort<\/a> <a title=\"diyarbak\u0131r escort\" href=\"http:\/\/www.escortlariyiz.com\/category\/diyarbakir-escort\">diyarbak\u0131r escort<\/a> <a title=\"hatay escort\" href=\"http:\/\/www.escortlariyiz.com\/category\/hatay-escort\">hatay escort<\/a> <a title=\"manisa escort\" href=\"http:\/\/www.escortlariyiz.com\/category\/manisa-escort\">manisa escort<\/a><a title=\"kayseri escort\" href=\"http:\/\/www.escortlariyiz.com\/category\/kayseri-escort\">kayseri escort<\/a> <a title=\"samsun escort\" href=\"http:\/\/www.escortlariyiz.com\/category\/samsun-escort\">samsun escort<\/a> <a title=\"bal\u0131kesir escort\" href=\"http:\/\/www.escortlariyiz.com\/category\/balikesir-escort\">bal\u0131kesir escort<\/a> <a title=\"kahramanmaras escort\" href=\"http:\/\/www.escortlariyiz.com\/category\/kahramanmaras-escort\">kahramanmaras escort<\/a> <a title=\"van escort\" href=\"http:\/\/www.escortlariyiz.com\/category\/van-escort\">van escort<\/a> <a title=\"ayd\u0131n escort\" href=\"http:\/\/www.escortlariyiz.com\/category\/aydin-escort\">ayd\u0131n escort<\/a> <a title=\"tekirda\u011f escort\" href=\"http:\/\/www.escortlariyiz.com\/category\/tekirdag-escort\">tekirda\u011f escort<\/a> <a title=\"sakarya escort\" href=\"http:\/\/www.escortlariyiz.com\/category\/sakarya-escort\">sakarya escort<\/a> <a title=\"denizli escort\" href=\"http:\/\/www.escortlariyiz.com\/category\/denizli-escort\">denizli escort<\/a> <a title=\"mugla escort\" href=\"http:\/\/www.escortlariyiz.com\/category\/mugla-escort\">mugla escort<\/a> <a title=\"eskisehir escort\" href=\"http:\/\/www.escortlariyiz.com\/category\/eskisehir-escort\">eskisehir escort<\/a> <a title=\"mardin escort\" href=\"http:\/\/www.escortlariyiz.com\/category\/mardin-escort\">mardin escort<\/a> <a title=\"trabzon escort\" href=\"http:\/\/www.escortlariyiz.com\/category\/trabzon-escort\">trabzon escort<\/a> <a title=\"malatya escort\" href=\"http:\/\/www.escortlariyiz.com\/category\/malatya-escort\">malatya escort<\/a> <a title=\"ordu escort\" href=\"http:\/\/www.escortlariyiz.com\/category\/ordu-escort\">ordu escort<\/a> <a title=\"erzurum escort\" href=\"http:\/\/www.escortlariyiz.com\/category\/erzurum-escort\">erzurum escort<\/a> <a title=\"ad\u0131yaman escort\" href=\"http:\/\/www.escortlariyiz.com\/category\/adiyaman-escort\">ad\u0131yaman escort<\/a> <a title=\"sivas escort\" href=\"http:\/\/www.escortlariyiz.com\/category\/sivas-escort\">sivas escort<\/a> <a title=\"afyon escort\" href=\"http:\/\/www.escortlariyiz.com\/category\/afyon-escort\">afyon escort<\/a> <a title=\"batman escort\" href=\"http:\/\/www.escortlariyiz.com\/category\/batman-escort\">batman escort<\/a> <a title=\"tokat escort\" href=\"http:\/\/www.escortlariyiz.com\/category\/tokat-escort\">tokat escort<\/a> <a title=\"zonguldak escort\" href=\"http:\/\/www.escortlariyiz.com\/category\/zonguldak-escort\">zonguldak escort<\/a> <a title=\"elazig escort\" href=\"http:\/\/www.escortlariyiz.com\/category\/elazig-escort\">elazig escort<\/a> <a title=\"k\u00fctahya escort\" href=\"http:\/\/www.escortlariyiz.com\/category\/kutahya-escort\">k\u00fctahya escort<\/a> <a title=\"osmaniye escort\" href=\"http:\/\/www.escortlariyiz.com\/category\/osmaniye-escort\">osmaniye escort<\/a> <a title=\"\u00e7anakkale escort\" href=\"http:\/\/www.escortlariyiz.com\/category\/canakkale-escort\">\u00e7anakkale escort<\/a> <a title=\"escort\" href=\"http:\/\/www.escortlariyiz.com\/\">escort<\/a><\/p>","protected":false},"excerpt":{"rendered":"<p>We are pleased to contact you bursa escort bursa escort istanbul escort denizli escort d\u00fczce escort malatya escort erzincan escort zonguldak escort eski\u015fehir escort gaziantep escort g\u00fcm\u00fc\u015fhane escort hatay escort hatay escort \u0131\u011fd\u0131r escort gaziantep escort istanbul escort konya escort izmit escort kars escort kayseri escort kayseri escort k\u0131br\u0131s escort kilis escort konya escort konya [&hellip;]<\/p>\n","protected":false},"author":1,"featured_media":0,"parent":0,"menu_order":0,"comment_status":"closed","ping_status":"closed","template":"contact.php","meta":[],"_links":{"self":[{"href":"https:\/\/rbcl.com.sa\/en\/wp-json\/wp\/v2\/pages\/79"}],"collection":[{"href":"https:\/\/rbcl.com.sa\/en\/wp-json\/wp\/v2\/pages"}],"about":[{"href":"https:\/\/rbcl.com.sa\/en\/wp-json\/wp\/v2\/types\/page"}],"author":[{"embeddable":true,"href":"https:\/\/rbcl.com.sa\/en\/wp-json\/wp\/v2\/users\/1"}],"replies":[{"embeddable":true,"href":"https:\/\/rbcl.com.sa\/en\/wp-json\/wp\/v2\/comments?post=79"}],"version-history":[{"count":4,"href":"https:\/\/rbcl.com.sa\/en\/wp-json\/wp\/v2\/pages\/79\/revisions"}],"predecessor-version":[{"id":3093,"href":"https:\/\/rbcl.com.sa\/en\/wp-json\/wp\/v2\/pages\/79\/revisions\/3093"}],"wp:attachment":[{"href":"https:\/\/rbcl.com.sa\/en\/wp-json\/wp\/v2\/media?parent=79"}],"curies":[{"name":"wp","href":"https:\/\/api.w.org\/{rel}","templated":true}]}}